{"id":414,"date":"2025-01-06T09:46:26","date_gmt":"2025-01-06T07:46:26","guid":{"rendered":"https:\/\/hygieniapassi.pro\/?page_id=414"},"modified":"2025-01-06T10:57:58","modified_gmt":"2025-01-06T08:57:58","slug":"tietosuojaseloste","status":"publish","type":"page","link":"https:\/\/hygieniapassi.pro\/en\/tietosuojaseloste\/","title":{"rendered":"Privacy Policy"},"content":{"rendered":"<h2 class=\"wp-block-heading\">Rekisterinpit\u00e4j\u00e4<\/h2>\n\n\n\n<p>TMI Ideointikattila \/ Hygieniapassi.pro sivusto<br>Postiosoite:<br>Rannikkolaivurinkuja 6 h 8, 00850 Helsinki<\/p>\n\n\n\n<p>Rekisteri on henkil\u00f6tietorekisteri jota k\u00e4ytet\u00e4\u00e4n vain TMI Ideointikattilan markkinoinnissa. Tietoja ei luovuteta ulkopuolisille toimijoille.<\/p>\n\n\n\n<h2 class=\"wp-block-heading\">Henkil\u00f6tietojen k\u00e4ytt\u00f6tarkoitus<\/h2>\n\n\n\n<p>Henkil\u00f6tietoja k\u00e4sitell\u00e4\u00e4n rekister\u00f6idyn harjoitteluportaalin- ja hygieniapassitestiin ilmoittautumissuhteen perusteella.<\/p>\n\n\n\n<p>Henkil\u00f6tietoja k\u00e4sitell\u00e4\u00e4n vain ennalta m\u00e4\u00e4riteltyihin tarkoituksiin, jotka ovat seuraavat:<\/p>\n\n\n\n<ul class=\"wp-block-list\">\n<li>Hygieniapassitestiin osallistuminen ja maksutapojen seuranta<\/li>\n\n\n\n<li>Harjoitteluportaaliin osallistuminen ja sen seuranta<\/li>\n\n\n\n<li>Analysointi ja tilastointi<\/li>\n\n\n\n<li>Asiakaspalvelun ja toiminnan toteuttaminen ja kehitt\u00e4minen<\/li>\n<\/ul>\n\n\n\n<h2 class=\"wp-block-heading\">Rekisteriin tallennettavat tiedot<\/h2>\n\n\n\n<p>J\u00e4senrekisteri sis\u00e4lt\u00e4\u00e4 sek\u00e4 yritysten tietoja ett\u00e4 yritysten kontaktien sek\u00e4 seniori- ja opiskelijaj\u00e4senten henkil\u00f6tietoja.<\/p>\n\n\n\n<h2 class=\"wp-block-heading\">Henkil\u00f6tiedot<\/h2>\n\n\n\n<p>j\u00e4senyrityksen kontaktit, seniorij\u00e4senet ja opiskelijaj\u00e4senet<\/p>\n\n\n\n<ul class=\"wp-block-list\">\n<li>nimi<\/li>\n\n\n\n<li>palvelukieli (hygieniapassitesti)<\/li>\n\n\n\n<li>opiskelutieto (opiskelija alenus)<\/li>\n<\/ul>\n\n\n\n<p>kontaktien yhteystiedot<\/p>\n\n\n\n<ul class=\"wp-block-list\">\n<li>puhelinnumero<\/li>\n\n\n\n<li>s\u00e4hk\u00f6posti<\/li>\n<\/ul>\n\n\n\n<h2 class=\"wp-block-heading\">Rekister\u00f6idyn oikeudet<\/h2>\n\n\n\n<p>Sinulla on seuraavat oikeudet, joiden k\u00e4ytt\u00e4mist\u00e4 koskevat pyynn\u00f6t tulee tehd\u00e4 osoitteeseen: ideointikattila@gmail.com.<\/p>\n\n\n\n<h2 class=\"wp-block-heading\">Tarkastusoikeus<\/h2>\n\n\n\n<p>Sinulla on oikeus tarkistaa sinusta tallentamamme henkil\u00f6tiedot. Mik\u00e4li havaitset tiedoissasi virheellisyyksi\u00e4 tai puutteita, voit pyyt\u00e4\u00e4 meit\u00e4 korjaamaan tai t\u00e4ydent\u00e4m\u00e4\u00e4n tiedot oikeiksi.<\/p>\n\n\n\n<h2 class=\"wp-block-heading\">Vastustamisoikeus<\/h2>\n\n\n\n<p>Sinulla on oikeus koska tahansa vastustaa henkil\u00f6tietojesi k\u00e4sittely\u00e4, mik\u00e4li koet, ett\u00e4 olemme k\u00e4sitelleet henkil\u00f6tietojasi lainvastaisesti tai ett\u00e4 meill\u00e4 ei ole oikeutta k\u00e4sitell\u00e4 joitain henkil\u00f6tietojasi.<\/p>\n\n\n\n<h2 class=\"wp-block-heading\">Poisto-oikeus<\/h2>\n\n\n\n<p>Mik\u00e4li koet, ett\u00e4 joidenkin sinua koskevien tietojen k\u00e4sittely ei ole tarpeen teht\u00e4viemme kannalta, sinulla on oikeus pyyt\u00e4\u00e4 meit\u00e4 poistamaan kyseiset tiedot. K\u00e4sittelemme pyynt\u00f6si, jonka j\u00e4lkeen joko poistamme tietosi tai ilmoitamme sinulle perustellun syyn, miksi tietoja ei voida poistaa. Mik\u00e4li olet eri mielt\u00e4 ratkaisustamme, sinulla on oikeus tehd\u00e4 valitus tietosuojavaltuutetulle (ohjeet valituksen tekemiseen). Sinulla on my\u00f6s oikeus vaatia, ett\u00e4 rajoitamme kiistanalaisten tietojen k\u00e4sittely\u00e4 siksi aikaa, kunnes asia saadaan ratkaistua.<\/p>\n\n\n\n<h2 class=\"wp-block-heading\">Valitusoikeus<\/h2>\n\n\n\n<p>Sinulla on oikeus tehd\u00e4 valitus tietosuojavaltuutetulle, jos koet, ett\u00e4 rikomme henkil\u00f6tietojasi k\u00e4sitelless\u00e4mme voimassa olevaa tietosuojalains\u00e4\u00e4d\u00e4nt\u00f6\u00e4 (ohjeet valituksen tekemiseen).<\/p>\n\n\n\n<h2 class=\"wp-block-heading\">S\u00e4\u00e4nn\u00f6nmukaiset tietol\u00e4hteet<\/h2>\n\n\n\n<p>Osallistujan henkil\u00f6\u00e4 koskevat tiedot saadaan s\u00e4\u00e4nn\u00f6nmukaisesti:<\/p>\n\n\n\n<p>Henkil\u00f6lt\u00e4 itselt\u00e4\u00e4n suoraan j\u00e4rjestelm\u00e4\u00e4n tai s\u00e4hk\u00f6postitse, puhelimitse, lomakkeella, mobiilisovelluksen kautta tai muulla vastaavalla tavalla<\/p>\n\n\n\n<h2 class=\"wp-block-heading\">S\u00e4\u00e4nn\u00f6nmukaiset tietojen luovutukset<\/h2>\n\n\n\n<p>Emme myy tai vuokraa j\u00e4senrekisterin tietoja kolmansille osapuolille. Luovutamme tietoja kolmansille osapuolille vain seuraavissa tapauksissa:<\/p>\n\n\n\n<ul class=\"wp-block-list\">\n<li>Voimme luovuttaa tietoja tilastollista, tieteellist\u00e4 tai historiallista tutkimusta varten edellytt\u00e4en, ett\u00e4 tiedot on muutettu sellaiseen muotoon, ett\u00e4 tiedon kohde ei en\u00e4\u00e4 ole niist\u00e4 tunnistettavissa.<\/li>\n\n\n\n<li>Mik\u00e4li fuusioimme tai muutoin j\u00e4rjestelemme toimintaamme, k\u00e4ytt\u00e4j\u00e4n henkil\u00f6tietoja voidaan luovuttaa uuden organisaation sis\u00e4ll\u00e4.<\/li>\n\n\n\n<li>Viranomainen, kuten Ruokavirasto pyyt\u00e4\u00e4 tietoja. <\/li>\n<\/ul>\n\n\n\n<h2 class=\"wp-block-heading\">K\u00e4sittelyn kesto<\/h2>\n\n\n\n<p>Henkil\u00f6tietoja k\u00e4sitell\u00e4\u00e4n 10 vuoden ajan, jonka j\u00e4lkeen ne poistetaan.<\/p>\n\n\n\n<h2 class=\"wp-block-heading\">Henkil\u00f6tietojen k\u00e4sittelij\u00e4t<\/h2>\n\n\n\n<p>Rekisterin tietoja k\u00e4sittelev\u00e4t TMI Ideointikattilan ty\u00f6ntekij\u00e4t.<br>Voimme my\u00f6s ulkoistaa henkil\u00f6tietojen k\u00e4sittelyn osittain kolmannelle osapuolelle, jolloin takaamme sopimusj\u00e4rjestelyin, ett\u00e4 henkil\u00f6tietoja k\u00e4sitell\u00e4\u00e4n voimassa olevan tietosuojalains\u00e4\u00e4d\u00e4nn\u00f6n mukaisesti ja muutoin asianmukaisesti.<\/p>\n\n\n\n<h2 class=\"wp-block-heading\">Tietojen siirto EU:n ulkopuolelle<\/h2>\n\n\n\n<p>Henkil\u00f6tietoja ei siirret\u00e4 EU:n tai Euroopan talousalueen ulkopuolelle.<\/p>\n\n\n\n<p>Jos jonkun palvelukumppaniemme palvelimet sijaitsevat EU\/ETA-alueen ulkopuolelle Yhdysvaltoissa tiedot varmuuskopioidaan, varmistamme, ett\u00e4 he ovat liittyneet EU:n ja Yhdysvaltain v\u00e4liseen ns. Privacy Shield -ohjelmaan (https:\/\/www.privacyshield.gov\/list), jonka tarkoituksena on varmistaa eurooppalaisten tietojen tietoturvallinen k\u00e4sittely Yhdysvalloissa.<\/p>\n\n\n\n<h2 class=\"wp-block-heading\">Ev\u00e4steet ja selailun seuranta<\/h2>\n\n\n\n<p>Voimme ker\u00e4t\u00e4 k\u00e4ytt\u00e4j\u00e4n p\u00e4\u00e4telaitetta koskevia tietoja ev\u00e4steiden (&#8220;cookies&#8221;) ja muiden vastaavien tekniikoiden, kuten selaimen paikallisen tietovaraston, avulla. Ev\u00e4ste on pieni tekstitiedosto, jonka selain tallentaa k\u00e4ytt\u00e4j\u00e4n p\u00e4\u00e4telaitteelle. Ev\u00e4steet sis\u00e4lt\u00e4v\u00e4t usein nimett\u00f6m\u00e4n, yksil\u00f6llisen tunnisteen, jonka avulla voimme tunnistaa ja laskea sivustollamme vierailevat selaimet.<\/p>\n\n\n\n<p>Kolmannet osapuolet voivat asettaa ev\u00e4steit\u00e4 k\u00e4ytt\u00e4j\u00e4n p\u00e4\u00e4telaitteelle k\u00e4ytt\u00e4j\u00e4n vieraillessa palveluissamme tilastoidakseen eri sivustojen k\u00e4vij\u00e4m\u00e4\u00e4ri\u00e4. Kolmansilla osapuolilla tarkoitetaan Suomen Yritt\u00e4jien ulkopuolisia tahoja, kuten mittaus- ja seurantapalveluiden tarjoajia.<\/p>\n\n\n\n<p>Palvelumme voivat my\u00f6s sis\u00e4lt\u00e4\u00e4 linkkej\u00e4 muihin sivustoihin ja yhteis\u00f6palveluihin, mutta emme vastaa n\u00e4iden ulkopuolisten sivustojen yksityisyydensuojak\u00e4yt\u00e4nn\u00f6ist\u00e4 tai sis\u00e4ll\u00f6ist\u00e4. Suosittelemme tutustumaan n\u00e4iden palveluiden yksityisyydensuojaa koskeviin ehtoihin.<\/p>\n\n\n\n<h2 class=\"wp-block-heading\">Automaattinen p\u00e4\u00e4t\u00f6ksenteko ja profilointi<\/h2>\n\n\n\n<p>Emme k\u00e4yt\u00e4 tietoja automaattiseen p\u00e4\u00e4t\u00f6ksentekoon tai profilointiin.<\/p>\n\n\n\n<h2 class=\"wp-block-heading\">Rekisterin suojauksen periaatteet<\/h2>\n\n\n\n<p>Henkil\u00f6tietojesi turvallinen k\u00e4sittely on meille t\u00e4rke\u00e4\u00e4. K\u00e4yt\u00e4mme seuraavia suojatoimia tietojesi turvallisuuden varmistamiseksi.<\/p>\n\n\n\n<ul class=\"wp-block-list\">\n<li>J\u00e4rjestelm\u00e4\u00e4n sis\u00e4\u00e4np\u00e4\u00e4sy edellytt\u00e4\u00e4 k\u00e4ytt\u00e4j\u00e4tunnuksen ja salasanan sy\u00f6tt\u00e4mist\u00e4. J\u00e4rjestelm\u00e4 on my\u00f6s suojattu palomuurein ja muiden teknisten keinojen avulla.<\/li>\n\n\n\n<li>J\u00e4rjestelm\u00e4\u00e4n tallennettuihin rekisterin sis\u00e4lt\u00e4miin tietoihin p\u00e4\u00e4sev\u00e4t ja niit\u00e4 ovat oikeutettuja k\u00e4ytt\u00e4m\u00e4\u00e4n vain tietyt, ennalta m\u00e4\u00e4ritellyt rekisterinpit\u00e4j\u00e4n ty\u00f6ntekij\u00e4t.<\/li>\n\n\n\n<li>Rekisterin k\u00e4ytt\u00f6 on suojattu k\u00e4ytt\u00e4j\u00e4kohtaisin tunnuksin, salasanoin sek\u00e4 k\u00e4ytt\u00f6oikeuksin.<\/li>\n\n\n\n<li>Rekisteri sijaitsee tietokoneessa, joka on sijoitettu konesaliin palvelimelle, jonne p\u00e4\u00e4sy asiattomilta on estetty.<\/li>\n\n\n\n<li>Rekisterin sis\u00e4lt\u00e4m\u00e4t tiedot sijaitsevat lukituissa ja vartioiduissa tiloissa.<\/li>\n\n\n\n<li>Rekisterist\u00e4 otetaan s\u00e4\u00e4nn\u00f6llisesti varmuuskopiot.<\/li>\n<\/ul>\n\n\n\n<p><\/p>","protected":false},"excerpt":{"rendered":"<p>Rekisterinpit\u00e4j\u00e4 TMI Ideointikattila \/ Hygieniapassi.pro sivustoPostiosoite:Rannikkolaivurinkuja 6 h 8, 00850 Helsinki Rekisteri on henkil\u00f6tietorekisteri jota k\u00e4ytet\u00e4\u00e4n vain TMI Ideointikattilan markkinoinnissa. Tietoja ei luovuteta ulkopuolisille toimijoille. Henkil\u00f6tietojen k\u00e4ytt\u00f6tarkoitus Henkil\u00f6tietoja k\u00e4sitell\u00e4\u00e4n rekister\u00f6idyn harjoitteluportaalin- ja hygieniapassitestiin ilmoittautumissuhteen perusteella. Henkil\u00f6tietoja k\u00e4sitell\u00e4\u00e4n vain ennalta m\u00e4\u00e4riteltyihin tarkoituksiin, jotka ovat seuraavat: Rekisteriin tallennettavat tiedot J\u00e4senrekisteri sis\u00e4lt\u00e4\u00e4 sek\u00e4 yritysten tietoja ett\u00e4 yritysten kontaktien [&hellip;]<\/p>\n","protected":false},"author":1,"featured_media":0,"parent":0,"menu_order":0,"comment_status":"closed","ping_status":"closed","template":"","meta":{"_acf_changed":false,"footnotes":""},"class_list":["post-414","page","type-page","status-publish","hentry"],"acf":[],"_links":{"self":[{"href":"https:\/\/hygieniapassi.pro\/en\/wp-json\/wp\/v2\/pages\/414","targetHints":{"allow":["GET"]}}],"collection":[{"href":"https:\/\/hygieniapassi.pro\/en\/wp-json\/wp\/v2\/pages"}],"about":[{"href":"https:\/\/hygieniapassi.pro\/en\/wp-json\/wp\/v2\/types\/page"}],"author":[{"embeddable":true,"href":"https:\/\/hygieniapassi.pro\/en\/wp-json\/wp\/v2\/users\/1"}],"replies":[{"embeddable":true,"href":"https:\/\/hygieniapassi.pro\/en\/wp-json\/wp\/v2\/comments?post=414"}],"version-history":[{"count":4,"href":"https:\/\/hygieniapassi.pro\/en\/wp-json\/wp\/v2\/pages\/414\/revisions"}],"predecessor-version":[{"id":428,"href":"https:\/\/hygieniapassi.pro\/en\/wp-json\/wp\/v2\/pages\/414\/revisions\/428"}],"wp:attachment":[{"href":"https:\/\/hygieniapassi.pro\/en\/wp-json\/wp\/v2\/media?parent=414"}],"curies":[{"name":"wp","href":"https:\/\/api.w.org\/{rel}","templated":true}]}}